{"id":31,"date":"2025-07-22T10:16:39","date_gmt":"2025-07-22T08:16:39","guid":{"rendered":"https:\/\/dolismart.com\/?page_id=31"},"modified":"2025-07-22T10:23:19","modified_gmt":"2025-07-22T08:23:19","slug":"31-2","status":"publish","type":"page","link":"https:\/\/dolismart.com\/index.php\/31-2\/","title":{"rendered":"Contact"},"content":{"rendered":"\r\n<div class=\"wp-block-group contact-section\"><div class=\"wp-block-group__inner-container is-layout-flow wp-block-group-is-layout-flow\">\r\n    \r\n    <h1 class=\"wp-block-heading contact-title\">Contactez-nous<\/h1>\r\n    \r\n    \r\n    \r\n    <p class=\"contact-description\">Notre \u00e9quipe est l\u00e0 pour vous accompagner. N&rsquo;h\u00e9sitez pas \u00e0 nous contacter pour toute question concernant DoliSmart.<\/p>\r\n    \r\n    \r\n    \r\n    <div class=\"wp-block-columns contact-content is-layout-flex wp-container-core-columns-is-layout-9d6595d7 wp-block-columns-is-layout-flex\">\r\n        \r\n        \r\n        <div class=\"wp-block-column is-layout-flow wp-block-column-is-layout-flow\">\r\n            \r\n\r\n<p><strong>Contact Form 7 n&rsquo;est pas install\u00e9 ou configur\u00e9.<\/strong><\/p>\r\n<p>Pour utiliser un formulaire de contact avanc\u00e9, veuillez :<\/p>\r\n\r\n\r\n\r\n<ul class=\"wp-block-list\">\r\n    <li>Installer le plugin Contact Form 7<\/li>\r\n    <li>Cr\u00e9er un formulaire de contact<\/li>\r\n    <li>Configurer l&rsquo;ID du formulaire dans le customizer<\/li>\r\n<\/ul>\r\n\r\n        <\/div>\r\n        \r\n    <\/div>\r\n    \r\n<\/div><\/div>\r\n","protected":false},"excerpt":{"rendered":"<p>Contactez-nous Notre \u00e9quipe est l\u00e0 pour vous accompagner. N&rsquo;h\u00e9sitez pas \u00e0 nous contacter pour toute question concernant DoliSmart. Contact Form&#8230;<\/p>\n","protected":false},"author":1,"featured_media":0,"parent":0,"menu_order":0,"comment_status":"closed","ping_status":"closed","template":"page-contact.php","meta":{"_acf_changed":false,"footnotes":""},"class_list":["post-31","page","type-page","status-publish","hentry"],"acf":[],"_links":{"self":[{"href":"https:\/\/dolismart.com\/index.php\/wp-json\/wp\/v2\/pages\/31","targetHints":{"allow":["GET"]}}],"collection":[{"href":"https:\/\/dolismart.com\/index.php\/wp-json\/wp\/v2\/pages"}],"about":[{"href":"https:\/\/dolismart.com\/index.php\/wp-json\/wp\/v2\/types\/page"}],"author":[{"embeddable":true,"href":"https:\/\/dolismart.com\/index.php\/wp-json\/wp\/v2\/users\/1"}],"replies":[{"embeddable":true,"href":"https:\/\/dolismart.com\/index.php\/wp-json\/wp\/v2\/comments?post=31"}],"version-history":[{"count":4,"href":"https:\/\/dolismart.com\/index.php\/wp-json\/wp\/v2\/pages\/31\/revisions"}],"predecessor-version":[{"id":36,"href":"https:\/\/dolismart.com\/index.php\/wp-json\/wp\/v2\/pages\/31\/revisions\/36"}],"wp:attachment":[{"href":"https:\/\/dolismart.com\/index.php\/wp-json\/wp\/v2\/media?parent=31"}],"curies":[{"name":"wp","href":"https:\/\/api.w.org\/{rel}","templated":true}]}}