{"id":42,"date":"2025-07-22T10:34:14","date_gmt":"2025-07-22T08:34:14","guid":{"rendered":"https:\/\/dolismart.com\/?page_id=42"},"modified":"2025-07-30T16:40:17","modified_gmt":"2025-07-30T14:40:17","slug":"politique-de-confidentialite","status":"publish","type":"page","link":"https:\/\/dolismart.com\/index.php\/politique-de-confidentialite\/","title":{"rendered":"Politique de confidentialit\u00e9"},"content":{"rendered":"\n<div class=\"wp-block-group privacy-section\"><div class=\"wp-block-group__inner-container is-layout-flow wp-block-group-is-layout-flow\">\n<h1 class=\"wp-block-heading privacy-title\">Politique de confidentialit\u00e9<\/h1>\n\n\n\n<p>Derni\u00e8re mise \u00e0 jour : 22\/07\/2025<\/p>\n\n\n\n<h2 class=\"wp-block-heading\">1. Collecte des donn\u00e9es<\/h2>\n\n\n\n<p>Nous collectons les informations que vous nous fournissez directement, notamment :<\/p>\n\n\n\n<ul class=\"wp-block-list\">\n<li>Nom et pr\u00e9nom<\/li>\n\n\n\n<li>Adresse email<\/li>\n\n\n\n<li>Num\u00e9ro de t\u00e9l\u00e9phone<\/li>\n\n\n\n<li>Informations professionnelles<\/li>\n<\/ul>\n\n\n\n<h2 class=\"wp-block-heading\">2. Utilisation des donn\u00e9es<\/h2>\n\n\n\n<p>Vos donn\u00e9es personnelles sont utilis\u00e9es pour :<\/p>\n\n\n\n<ul class=\"wp-block-list\">\n<li>R\u00e9pondre \u00e0 vos demandes et questions<\/li>\n\n\n\n<li>Vous fournir nos services<\/li>\n\n\n\n<li>Am\u00e9liorer nos produits et services<\/li>\n\n\n\n<li>Respecter nos obligations l\u00e9gales<\/li>\n<\/ul>\n\n\n\n<h2 class=\"wp-block-heading\">3. Protection des donn\u00e9es<\/h2>\n\n\n\n<p>Nous mettons en \u0153uvre des mesures de s\u00e9curit\u00e9 appropri\u00e9es pour prot\u00e9ger vos donn\u00e9es personnelles contre tout acc\u00e8s non autoris\u00e9, modification, divulgation ou destruction.<\/p>\n\n\n\n<h2 class=\"wp-block-heading\">4. Vos droits<\/h2>\n\n\n\n<p>Conform\u00e9ment au RGPD, vous disposez des droits suivants :<\/p>\n\n\n\n<ul class=\"wp-block-list\">\n<li>Droit d&rsquo;acc\u00e8s \u00e0 vos donn\u00e9es<\/li>\n\n\n\n<li>Droit de rectification<\/li>\n\n\n\n<li>Droit \u00e0 l&rsquo;effacement<\/li>\n\n\n\n<li>Droit \u00e0 la limitation du traitement<\/li>\n\n\n\n<li>Droit \u00e0 la portabilit\u00e9<\/li>\n\n\n\n<li>Droit d&rsquo;opposition<\/li>\n<\/ul>\n\n\n\n<h2 class=\"wp-block-heading\">5. Contact<\/h2>\n\n\n\n<p>Pour toute question concernant cette politique de confidentialit\u00e9 ou pour exercer vos droits, contactez notre d\u00e9l\u00e9gu\u00e9 \u00e0 la protection des donn\u00e9es :<\/p>\n\n\n\n<p><strong>Email :<\/strong> dpo@dolismart.com<br><\/p>\n<\/div><\/div>\n","protected":false},"excerpt":{"rendered":"<p>Politique de confidentialit\u00e9 Derni\u00e8re mise \u00e0 jour : 22\/07\/2025 1. Collecte des donn\u00e9es Nous collectons les informations que vous nous&#8230;<\/p>\n","protected":false},"author":1,"featured_media":0,"parent":0,"menu_order":0,"comment_status":"closed","ping_status":"closed","template":"page-politique-confidentialite.php","meta":{"_acf_changed":false,"footnotes":""},"class_list":["post-42","page","type-page","status-publish","hentry"],"acf":[],"_links":{"self":[{"href":"https:\/\/dolismart.com\/index.php\/wp-json\/wp\/v2\/pages\/42","targetHints":{"allow":["GET"]}}],"collection":[{"href":"https:\/\/dolismart.com\/index.php\/wp-json\/wp\/v2\/pages"}],"about":[{"href":"https:\/\/dolismart.com\/index.php\/wp-json\/wp\/v2\/types\/page"}],"author":[{"embeddable":true,"href":"https:\/\/dolismart.com\/index.php\/wp-json\/wp\/v2\/users\/1"}],"replies":[{"embeddable":true,"href":"https:\/\/dolismart.com\/index.php\/wp-json\/wp\/v2\/comments?post=42"}],"version-history":[{"count":2,"href":"https:\/\/dolismart.com\/index.php\/wp-json\/wp\/v2\/pages\/42\/revisions"}],"predecessor-version":[{"id":162,"href":"https:\/\/dolismart.com\/index.php\/wp-json\/wp\/v2\/pages\/42\/revisions\/162"}],"wp:attachment":[{"href":"https:\/\/dolismart.com\/index.php\/wp-json\/wp\/v2\/media?parent=42"}],"curies":[{"name":"wp","href":"https:\/\/api.w.org\/{rel}","templated":true}]}}