{"id":246,"date":"2025-09-03T14:05:18","date_gmt":"2025-09-03T12:05:18","guid":{"rendered":"https:\/\/dolismart.com\/?post_type=product&#038;p=246"},"modified":"2025-09-03T14:05:18","modified_gmt":"2025-09-03T12:05:18","slug":"extension-site-dolibarr-supplementaire","status":"publish","type":"product","link":"https:\/\/dolismart.com\/index.php\/produit\/extension-site-dolibarr-supplementaire\/","title":{"rendered":"Extension site dolibarr suppl\u00e9mentaire"},"content":{"rendered":"<p>L&rsquo;application DoliSmart vous permet d&rsquo;acc\u00e9der \u00e0 plusieurs Dolibarr.<\/p>\n<p>Le module DoliSmart est valable pour un seul site mais vous pouvez en ajouter un autre avec cette extension<\/p>\n","protected":false},"excerpt":{"rendered":"<p>L&rsquo;application DoliSmart vous permet d&rsquo;acc\u00e9der \u00e0 plusieurs Dolibarr. Le module DoliSmart est valable pour un seul site mais vous pouvez&#8230;<\/p>\n","protected":false},"featured_media":57,"comment_status":"open","ping_status":"closed","template":"","meta":{"_acf_changed":false},"product_brand":[],"product_cat":[17],"product_tag":[],"class_list":{"0":"post-246","1":"product","2":"type-product","3":"status-publish","4":"has-post-thumbnail","6":"product_cat-non-classe","8":"first","9":"instock","10":"virtual","11":"taxable","12":"purchasable","13":"product-type-simple"},"acf":[],"_links":{"self":[{"href":"https:\/\/dolismart.com\/index.php\/wp-json\/wp\/v2\/product\/246","targetHints":{"allow":["GET"]}}],"collection":[{"href":"https:\/\/dolismart.com\/index.php\/wp-json\/wp\/v2\/product"}],"about":[{"href":"https:\/\/dolismart.com\/index.php\/wp-json\/wp\/v2\/types\/product"}],"replies":[{"embeddable":true,"href":"https:\/\/dolismart.com\/index.php\/wp-json\/wp\/v2\/comments?post=246"}],"wp:featuredmedia":[{"embeddable":true,"href":"https:\/\/dolismart.com\/index.php\/wp-json\/wp\/v2\/media\/57"}],"wp:attachment":[{"href":"https:\/\/dolismart.com\/index.php\/wp-json\/wp\/v2\/media?parent=246"}],"wp:term":[{"taxonomy":"product_brand","embeddable":true,"href":"https:\/\/dolismart.com\/index.php\/wp-json\/wp\/v2\/product_brand?post=246"},{"taxonomy":"product_cat","embeddable":true,"href":"https:\/\/dolismart.com\/index.php\/wp-json\/wp\/v2\/product_cat?post=246"},{"taxonomy":"product_tag","embeddable":true,"href":"https:\/\/dolismart.com\/index.php\/wp-json\/wp\/v2\/product_tag?post=246"}],"curies":[{"name":"wp","href":"https:\/\/api.w.org\/{rel}","templated":true}]}}